{"id":184,"date":"2013-06-10T10:59:49","date_gmt":"2013-06-10T14:59:49","guid":{"rendered":"https:\/\/ieee.ing.uc.cl\/?page_id=184"},"modified":"2015-07-10T14:08:39","modified_gmt":"2015-07-10T18:08:39","slug":"miembros-actuales","status":"publish","type":"page","link":"https:\/\/ieee.ing.uc.cl\/?page_id=184","title":{"rendered":"Miembros actuales"},"content":{"rendered":"<p>\u00bfTe interesan las energ\u00edas renovables, la electr\u00f3nica de potencia, las m\u00e1quinas el\u00e9ctricas o los sistemas de potencia? \u00a1Ac\u00e9rcate a la Rama Estudiantil y hazte parte del Cap\u00edtulo Estudiantil de Energ\u00eda y Potencia [PES&amp;PELS].<\/p>\n<p>Miembros actuales:<\/p>\n<ul>\n<li>Rodrigo Bernal Soto<\/li>\n<li>Daniela Mu\u00f1oz Nazal<\/li>\n<li>Pablo Bravo Ni\u00f1o de Zepeda<\/li>\n<li>Andr\u00e9s Yenes Sep\u00falveda<\/li>\n<li>Claudia Aravena Pe\u00f1a<\/li>\n<li>Enrique V\u00e9liz Sanzana<\/li>\n<li>Felipe Soto Orrego<\/li>\n<li>V\u00edctor Yunis Misleh<\/li>\n<li>Rodrigo Henr\u00edquez Aub\u00e1<\/li>\n<li>Guillermo Montecinos Pe\u00f1a<\/li>\n<li>Felipe Bastidas Lillo<\/li>\n<\/ul>\n<p>Cont\u00e1ctanos en el correo electr\u00f3nico de la Rama Estudiantil IEEE-PUC:<\/p>\n<p><a href=\"https:\/\/ieee.ing.uc.cl\/wp-content\/uploads\/correo-rama-directiva.jpg\"><img loading=\"lazy\" decoding=\"async\" class=\"alignnone size-full wp-image-196\" alt=\"Correo electr\u00f3nico de la Directiva de la Rama Estudiantil IEEE-PUC\" src=\"https:\/\/ieee.ing.uc.cl\/wp-content\/uploads\/correo-rama-directiva.jpg\" width=\"144\" height=\"19\" \/><\/a><\/p>\n","protected":false},"excerpt":{"rendered":"<p>\u00bfTe interesan las energ\u00edas renovables, la electr\u00f3nica de potencia, las m\u00e1quinas el\u00e9ctricas o los sistemas de potencia? \u00a1Ac\u00e9rcate a la Rama Estudiantil y hazte parte del Cap\u00edtulo Estudiantil de Energ\u00eda y Potencia [PES&amp;PELS]. Miembros actuales: Rodrigo Bernal Soto Daniela Mu\u00f1oz Nazal Pablo Bravo Ni\u00f1o de Zepeda Andr\u00e9s Yenes Sep\u00falveda Claudia Aravena Pe\u00f1a Enrique V\u00e9liz Sanzana [&hellip;]<\/p>\n","protected":false},"author":1,"featured_media":0,"parent":168,"menu_order":1,"comment_status":"closed","ping_status":"closed","template":"page-capitulo.php","meta":{"footnotes":""},"class_list":["post-184","page","type-page","status-publish","hentry"],"_links":{"self":[{"href":"https:\/\/ieee.ing.uc.cl\/index.php?rest_route=\/wp\/v2\/pages\/184","targetHints":{"allow":["GET"]}}],"collection":[{"href":"https:\/\/ieee.ing.uc.cl\/index.php?rest_route=\/wp\/v2\/pages"}],"about":[{"href":"https:\/\/ieee.ing.uc.cl\/index.php?rest_route=\/wp\/v2\/types\/page"}],"author":[{"embeddable":true,"href":"https:\/\/ieee.ing.uc.cl\/index.php?rest_route=\/wp\/v2\/users\/1"}],"replies":[{"embeddable":true,"href":"https:\/\/ieee.ing.uc.cl\/index.php?rest_route=%2Fwp%2Fv2%2Fcomments&post=184"}],"version-history":[{"count":7,"href":"https:\/\/ieee.ing.uc.cl\/index.php?rest_route=\/wp\/v2\/pages\/184\/revisions"}],"predecessor-version":[{"id":204,"href":"https:\/\/ieee.ing.uc.cl\/index.php?rest_route=\/wp\/v2\/pages\/184\/revisions\/204"}],"up":[{"embeddable":true,"href":"https:\/\/ieee.ing.uc.cl\/index.php?rest_route=\/wp\/v2\/pages\/168"}],"wp:attachment":[{"href":"https:\/\/ieee.ing.uc.cl\/index.php?rest_route=%2Fwp%2Fv2%2Fmedia&parent=184"}],"curies":[{"name":"wp","href":"https:\/\/api.w.org\/{rel}","templated":true}]}}